{"id":12,"date":"2024-09-11T22:48:58","date_gmt":"2024-09-11T20:48:58","guid":{"rendered":"https:\/\/unc46.fr\/?page_id=12"},"modified":"2026-04-16T15:53:14","modified_gmt":"2026-04-16T13:53:14","slug":"agenda","status":"publish","type":"page","link":"https:\/\/unc46.fr\/?page_id=12","title":{"rendered":"AGENDA"},"content":{"rendered":"\n<p><strong>26 avril &#8211; Cahors &#8211; H\u00f4tel de ville \u00e0 10h00<\/strong><\/p>\n\n\n\n<p> Journ\u00e9e nationale des victimes et des h\u00e9ros de la d\u00e9portation<\/p>\n\n\n\n<p><strong>8 mai &#8211; Cahors &#8211; Place Charles de Gaulle \u00e0 15h00 puis Lamothe Cassel \u00e0 18h00<\/strong><\/p>\n\n\n\n<p> Victoire du 8 mai 1945<\/p>\n\n\n\n<p><strong>10 mai &#8211; Cr\u00e9ssensac &#8211; c\u00e9r\u00e9monie locale<\/strong><\/p>\n\n\n\n<p>Hommage aux r\u00e9sistants fusill\u00e9s de Cr\u00e9ssensac<\/p>\n\n\n\n<p><strong>12 mai &#8211; Figeac &#8211; c\u00e9r\u00e9monie locale<\/strong><\/p>\n\n\n\n<p>82e anniversaire de la rafle de Figeac et du S\u00e9gala<\/p>\n\n\n\n<p><strong>21 mai &#8211; Frayssinet-le-G\u00e9lat &#8211; c\u00e9r\u00e9monie locale<\/strong><\/p>\n\n\n\n<p>82e anniversaire du massacre de Frayssinet-le-G\u00e9lat<\/p>\n\n\n\n<p><strong>23 mai &#8211; Cahors &#8211; 11h lieu \u00e0 d\u00e9finir<\/strong><\/p>\n\n\n\n<p>Journ\u00e9e nationale en hommage aux victimes de l&rsquo;esclavage<\/p>\n\n\n\n<p><strong>27 mai &#8211; Cahors &#8211; 11h30 &#8211; Pr\u00e9fecture du Lot<\/strong><\/p>\n\n\n\n<p>Journ\u00e9e nationale de la r\u00e9sistance<\/p>\n\n\n\n<p><strong>1 juin &#8211; Terrou &#8211; c\u00e9r\u00e9monie locale<\/strong><\/p>\n\n\n\n<p>Comm\u00e9moration de la destruction du village de Terrou<\/p>\n\n\n\n<p><strong>3 juin &#8211; Linac &#8211; c\u00e9r\u00e9monie locale<\/strong><\/p>\n\n\n\n<p>Comm\u00e9moration du massacre de Linac au lieu-dit \u00ab\u00a0Cayla\u00a0\u00bb<\/p>\n\n\n\n<p><strong>7 juin &#8211; Gabaudet &#8211; 11h30 &#8211; c\u00e9r\u00e9monie locale<\/strong><\/p>\n\n\n\n<p>82e anniversaire du massacre de Gabaudet <\/p>\n\n\n\n<p><strong>8 juin &#8211; Cahors &#8211; Cimeti\u00e8re de Cahors-ville &#8211; 10h00<\/strong><\/p>\n\n\n\n<p>Inauguration de la nouvelle st\u00e8le des Morts pour la France au cimeti\u00e8re, le Cahors-ville<\/p>\n\n\n\n<p><strong>8 juin &#8211; Cahors &#8211; Place Charles de Gaulle &#8211; 10h30<\/strong><\/p>\n\n\n\n<p>Journ\u00e9e nationale en hommage aux morts pour la France en Indochine<\/p>\n\n\n\n<p><strong>9 juin &#8211; Bretenoux &#8211; c\u00e9r\u00e9monie locale<\/strong><\/p>\n\n\n\n<p>82e anniversaire du massacre de Bretenoux, \u00e0 la st\u00e8le sur le pont de la C\u00e8re<\/p>\n\n\n\n<p><strong>18 juin &#8211; Cahors &#8211; Place Charles de Gaulle &#8211; 10h00<\/strong><\/p>\n\n\n\n<p>Comm\u00e9moration de l&rsquo;appel du 18 juin 1940 du G\u00e9n\u00e9ral De Gaulle<\/p>\n","protected":false},"excerpt":{"rendered":"<p>26 avril &#8211; Cahors &#8211; H\u00f4tel de ville \u00e0 10h00 Journ\u00e9e nationale des victimes et des h\u00e9ros de la d\u00e9portation 8 mai &#8211; Cahors &#8211; Place Charles de Gaulle \u00e0 15h00 puis Lamothe Cassel \u00e0 18h00 Victoire du 8 mai 1945 10 mai &#8211; Cr\u00e9ssensac &#8211; c\u00e9r\u00e9monie locale Hommage aux r\u00e9sistants fusill\u00e9s de Cr\u00e9ssensac 12 [&hellip;]<\/p>\n","protected":false},"author":1,"featured_media":0,"parent":0,"menu_order":1,"comment_status":"closed","ping_status":"closed","template":"","meta":{"footnotes":""},"class_list":["post-12","page","type-page","status-publish","hentry"],"_links":{"self":[{"href":"https:\/\/unc46.fr\/index.php?rest_route=\/wp\/v2\/pages\/12","targetHints":{"allow":["GET"]}}],"collection":[{"href":"https:\/\/unc46.fr\/index.php?rest_route=\/wp\/v2\/pages"}],"about":[{"href":"https:\/\/unc46.fr\/index.php?rest_route=\/wp\/v2\/types\/page"}],"author":[{"embeddable":true,"href":"https:\/\/unc46.fr\/index.php?rest_route=\/wp\/v2\/users\/1"}],"replies":[{"embeddable":true,"href":"https:\/\/unc46.fr\/index.php?rest_route=%2Fwp%2Fv2%2Fcomments&post=12"}],"version-history":[{"count":49,"href":"https:\/\/unc46.fr\/index.php?rest_route=\/wp\/v2\/pages\/12\/revisions"}],"predecessor-version":[{"id":1006,"href":"https:\/\/unc46.fr\/index.php?rest_route=\/wp\/v2\/pages\/12\/revisions\/1006"}],"wp:attachment":[{"href":"https:\/\/unc46.fr\/index.php?rest_route=%2Fwp%2Fv2%2Fmedia&parent=12"}],"curies":[{"name":"wp","href":"https:\/\/api.w.org\/{rel}","templated":true}]}}