{"id":16,"date":"2024-09-11T23:43:15","date_gmt":"2024-09-11T21:43:15","guid":{"rendered":"https:\/\/unc46.fr\/?page_id=16"},"modified":"2024-11-26T12:29:03","modified_gmt":"2024-11-26T11:29:03","slug":"notre-histoire","status":"publish","type":"page","link":"https:\/\/unc46.fr\/?page_id=16","title":{"rendered":"NOTRE HISTOIRE"},"content":{"rendered":"\n<h4 class=\"wp-block-heading\">Les fondateurs<\/h4>\n\n\n\n<p><img loading=\"lazy\" decoding=\"async\" width=\"130\" height=\"196\" src=\"https:\/\/unc.fr\/images\/stories\/brottier.jpg\" alt=\"brottier\"><\/p>\n\n\n\n<p><strong>Le r\u00e9v\u00e9rend-p\u00e8re Daniel Brottier, l\u2019inspirateur<\/strong> <\/p>\n\n\n\n<p>N\u00e9 \u00e0 La Fert\u00e9 Saint-Cyr (Loir-et-Cher) le 7 septembre 1876, le p\u00e8re Daniel Brottier est, aujourd\u2019hui encore, une figure l\u00e9gendaire en France et dans le monde : b\u00e2tisseur de la cath\u00e9drale de&nbsp;Dakkar au S\u00e9n\u00e9gal, c\u00e9l\u00e8bre aum\u00f4nier militaire de la Grande Guerre, bienfaiteur des Orphelins Apprentis d\u2019Auteuil et, surtout, l&rsquo;inspirateur de l\u2019Union nationale des combattants.<\/p>\n\n\n\n<p><br>A la d\u00e9claration de guerre en 1914, bien que r\u00e9form\u00e9 en 1901, il se propose comme brancardier-aum\u00f4nier militaire volontaire. Le 26 ao\u00fbt 1914, il rejoint la 26e Division d\u2019Infanterie o\u00f9 il fait preuve d\u2019un courage magnifique pendant les trois ann\u00e9es qu\u2019il passe au front.<br>Il y re\u00e7oit cinq citations dont l\u2019une \u00e0 l\u2019ordre de l\u2019arm\u00e9e : \u00ab\u00a0<em><strong> Brottier Daniel, \u00e2me magnifique o\u00f9 s&rsquo;allient harmonieusement l&rsquo;ardeur du soldat et le d\u00e9vouement du pr\u00eatre, figure l\u00e9gendaire du r\u00e9giment dont il partage toujours les heures p\u00e9nibles. Pendant les attaques des 1er et 2 juin, \u00e0 Troesnes, parcourait la ligne pour relever et secourir les bless\u00e9s, allant les chercher en avant de nos postes, sous le feu des mitrailleuses et encourageant les combattants.&nbsp;Est rest\u00e9 \u00e0 Troesnes malgr\u00e9 les rel\u00e8ves de bataillons, subissant, le 3, une nouvelle attaque et, dans les jours suivants, un bombardement tr\u00e8s dur. Exerce l&rsquo;influence la plus heureuse sur les combattants qu&rsquo;il soutient moralement aux heures difficiles, par ses encouragements et son exemple<\/strong> <\/em>\u00ab\u00a0.&nbsp;<br><br><strong>A l\u2019issue de la Grande guerre<\/strong>, le P\u00e8re Brottier, anime une \u00e9quipe de combattants qui d\u00e9cide de cr\u00e9er une organisation pour r\u00e9unir tous ceux qui rentrent du front : c\u2019est l\u2019Union nationale des combattants. Toutefois, toujours aum\u00f4nier militaire servant sur le Front, le p\u00e8re Brottier n\u2019est pas en mesure de prendre la direction effective de cette organisation en gestation, mais contribuera \u00e0 son d\u00e9veloppement jusqu\u2019en 1922.<br>D\u00e9mobilis\u00e9 en 1919, le p\u00e8re Brottier reprend le travail entrepris en 1911. Il se remet \u00e0 l\u2019\u0153uvre pour la construction de la cath\u00e9drale du souvenir africain. En novembre 1923, le P\u00e8re Brottier est nomm\u00e9 directeur des Orphelins Apprentis d\u2019Auteuil pour s\u2019occuper de l\u2019\u00e9ducation des enfants orphelins. Le P\u00e8re Brottier y d\u00e9veloppe tous ses talents d\u2019organisateur. Le p\u00e8re Daniel Brottier meurt le 28 f\u00e9vrier 1936. Il est b\u00e9atifi\u00e9 le 25 novembre 1984 par Sa Saintet\u00e9 le pape Jean-Paul II.<\/p>\n\n\n\n<p><img loading=\"lazy\" decoding=\"async\" width=\"171\" height=\"241\" src=\"https:\/\/unc.fr\/images\/stories\/clemenceau.jpg\" alt=\"Georges Clemenceau\"><\/p>\n\n\n\n<p><strong>Georges Clemenceau, le parrain<\/strong><\/p>\n\n\n\n<p>N\u00e9 le 28 septembre 1841 \u00e0 Mouilleron-en-Pareds, en Vend\u00e9e, Georges Clemenceau fait des \u00e9tudes de m\u00e9decine et obtient son doctorat en 1865. Il exerce alors pendant pr\u00e8s de 20 ans, en Vend\u00e9e d\u2019abord, puis \u00e0 Paris o\u00f9 il est connu comme le \u201cm\u00e9decin des pauvres\u201d.&nbsp;<\/p>\n\n\n\n<p>Georges Clemenceau n\u2019a jamais \u00e9t\u00e9 adh\u00e9rent de l\u2019UNC ! Mais ses encouragements et l\u2019aide substantielle qu\u2019il a accord\u00e9 en 1918 au r\u00e9v\u00e9rend p\u00e8re Brottier conduisent l\u2019UNC \u00e0 consid\u00e9rer Georges Clemenceau comme l\u2019un des p\u00e8res fondateurs de l\u2019association. Il meurt le 24 novembre 1929 \u00e0 Paris.<\/p>\n\n\n\n<figure class=\"wp-block-image size-large is-resized\"><img loading=\"lazy\" decoding=\"async\" width=\"683\" height=\"1024\" src=\"https:\/\/unc46.fr\/wp-content\/uploads\/2024\/11\/1918-Leon-Durand-UNC-1er-president-683x1024.jpg\" alt=\"\" class=\"wp-image-507\" style=\"width:165px;height:auto\" srcset=\"https:\/\/unc46.fr\/wp-content\/uploads\/2024\/11\/1918-Leon-Durand-UNC-1er-president-683x1024.jpg 683w, https:\/\/unc46.fr\/wp-content\/uploads\/2024\/11\/1918-Leon-Durand-UNC-1er-president-200x300.jpg 200w, https:\/\/unc46.fr\/wp-content\/uploads\/2024\/11\/1918-Leon-Durand-UNC-1er-president-768x1152.jpg 768w, https:\/\/unc46.fr\/wp-content\/uploads\/2024\/11\/1918-Leon-Durand-UNC-1er-president.jpg 925w\" sizes=\"auto, (max-width: 683px) 100vw, 683px\" \/><\/figure>\n\n\n\n<p><strong>Le G\u00e9n\u00e9ral L\u00e9on Durand, l\u2019organisateur<\/strong><\/p>\n\n\n\n<p>Si le r\u00e9v\u00e9rend p\u00e8re Bottier fut l\u2019inspirateur de l\u2019UNC et Georges Cl\u00e9menceau le parrain, Le g\u00e9n\u00e9ral L\u00e9on Durand en fut le principal organisateur. N\u00e9 \u00e0 Gonesse (aujourd\u2019hui Val d\u2019Oise) en 1846, L\u00e9on Durand se destine \u00e0 une carri\u00e8re militaire et int\u00e8gre l\u2019\u00e9cole sp\u00e9ciale militaire de Saint-Cyr en 1866. Il participe \u00e0 la guerre de 1870-71, est bless\u00e9 \u00e0 la bataille de Froeschwiller puis fait prisonnier apr\u00e8s Sedan. Il sert ensuite comme capitaine en Alg\u00e9rie, en Ha\u00efti \u00e0 la mission militaire fran\u00e7aise, puis apr\u00e8s diff\u00e9rentes affectations successives en \u00e9tat-major, commande le 23e r\u00e9giment d\u2019infanterie. Promu g\u00e9n\u00e9ral de brigade en 1900, puis g\u00e9n\u00e9ral de division en 1904, il se voit confier la 25e division d\u2019infanterie, puis la 42e division d\u2019infanterie et le 1er corps d\u2019arm\u00e9e. Membre du conseil sup\u00e9rieur de la guerre en 1910, grand Officier de la L\u00e9gion d\u2019Honneur, il est admis en septembre 1911 dans le cadre de la r\u00e9serve. A la d\u00e9claration de guerre, il est plac\u00e9 \u00e0 la t\u00eate d\u2019un groupe de divisions de r\u00e9serve et joue un r\u00f4le d\u00e9cisif, sauvant par deux fois le Grand Couronn\u00e9 devant Nancy. Premier pr\u00e9sident de l\u2019UNC, il structure l\u2019association, l\u2019organise et contribue grandement \u00e0 son d\u00e9veloppement. Il d\u00e9c\u00e8de le 10 septembre 1925.<\/p>\n\n\n\n<hr class=\"wp-block-separator has-alpha-channel-opacity\"\/>\n\n\n\n<h4 class=\"wp-block-heading\">L&rsquo;historique<\/h4>\n\n\n\n<p>Le 11 novembre 1918 \u00e0 10h40 quelque part dans les Vosges tombe le dernier soldat fran\u00e7ais de la guerre de 1914-1918. Ce m\u00eame 11 novembre \u00e0 11h est sign\u00e9 dans la for\u00eat de Compi\u00e8gne, dans un wagon \u00e0 Rethondes, l\u2019Armistice mettant fin \u00e0 la guerre la plus effroyable que l\u2019esp\u00e8ce humaine ait connue.&nbsp;<\/p>\n\n\n\n<p>15 jours apr\u00e8s l\u2019Armistice est cr\u00e9\u00e9e l\u2019Union nationale des combattants, cit\u00e9e dans le Journal Officiel du 11 d\u00e9cembre 1918. Elle est reconnue d\u2019utilit\u00e9 publique par d\u00e9cret du 20 mai 1920.&nbsp;<br><strong>Georges Clemenceau&nbsp;<\/strong>et le <strong>R\u00e9v\u00e9rend p\u00e8re Brottier<\/strong>, deux hommes aussi peu semblables que l\u2019eau et le feu, en sont les fondateurs. Clemenceau remet au premier tr\u00e9sorier de l\u2019UNC la somme de 100 000 francs or, provenant d\u2019un don d\u2019une m\u00e8re, dont le fils est tomb\u00e9 au combat.&nbsp;<\/p>\n\n\n\n<p><strong>L&rsquo;Union nationale des combattants (UNC) a, d\u2019embl\u00e9e, vocation \u00e0 accueillir les anciens combattants mais aussi les veuves et orphelins de guerre.<\/strong><br>Aum\u00f4nier des soldats, le p\u00e8re Brottier donne \u00e0 l\u2019UNC sa raison d\u2019\u00eatre en demandant aux Poilus, la paix revenue, de rester \u201c Unis comme au front \u201d. C\u2019est lui qui insuffle \u00e0 l\u2019UNC les fondements spirituels, moraux, civiques et sociaux qui constituent aujourd\u2019hui encore, et parce qu\u2019ils sont toujours vrais, les valeurs de l\u2019UNC.&nbsp;<br>Un comit\u00e9 provisoire est constitu\u00e9, une structure nationale est cr\u00e9\u00e9e pour mener \u00e0 bien ce projet. Le g\u00e9n\u00e9ral L\u00e9on Durand, h\u00e9ros du Grand Couronn\u00e9 de Nancy, tout r\u00e9cemment retrait\u00e9, accepte d\u2019en assumer la pr\u00e9sidence. Des sections locales et des groupes d\u00e9partementaux se cr\u00e9ent rapidement dans toute la France et outre-mer.<br>Les combattants de 1939-1945, ceux d\u2019Indochine, d\u2019Afrique du Nord, des th\u00e9\u00e2tres d\u2019op\u00e9rations ext\u00e9rieurs (TOE), les Opex, les anciens du service militaire, tous soldats de la France, se retrouvent au sein de l\u2019UNC dans le m\u00eame esprit d\u2019entraide et de camaraderie.&nbsp;<\/p>\n\n\n\n<p><strong>L\u2019UNC est \u00e0 l\u2019origine de toutes les grandes avanc\u00e9es obtenues en mati\u00e8re de l\u00e9gislation combattante, notamment :&nbsp;<\/strong><br>&#8211; la cr\u00e9ation du Titre de reconnaissance de la nation (TRN) et l\u2019acc\u00e8s \u00e0 la retraite mutualiste d\u00e8s l\u2019obtention de ce titre,<br>&#8211; l\u2019octroi de la carte du combattant (et de la croix correspondante), aux anciens combattants d\u2019AFN, notamment aux rappel\u00e9s, satisfaisant \u00e0 certaines crit\u00e8res de s\u00e9jour.<br>&#8211; la prorogation, au-del\u00e0 du 2 juillet 1962 des conditions d\u2019octroi de cette carte est encore une d\u00e9cision prise \u00e0 la suite d&rsquo;une proposition de l\u2019UNC, comme la cr\u00e9ation de la barrette \u201cmissions ext\u00e9rieures\u201d de la Croix du combattant volontaire, et l\u2019inscription de la mention \u201cAFN 1952-1962\u201d sur les drapeaux et \u00e9tendards des unit\u00e9s concern\u00e9es.<\/p>\n\n\n\n<p><strong>L\u2019UNC est fi\u00e8re de son action pass\u00e9e au profit du monde combattant.<\/strong><br><strong>Elle est d\u00e9termin\u00e9e \u00e0 poursuivre son combat pour d\u00e9fendre les int\u00e9r\u00eats mat\u00e9riels et moraux du monde combattant, et pour transmettre aux jeunes g\u00e9n\u00e9rations la m\u00e9moire des anciens qui se sont battus pour la d\u00e9fense des valeurs qui ont fait la grandeur et la gloire de la France<\/strong>.<\/p>\n","protected":false},"excerpt":{"rendered":"<p>Les fondateurs Le r\u00e9v\u00e9rend-p\u00e8re Daniel Brottier, l\u2019inspirateur N\u00e9 \u00e0 La Fert\u00e9 Saint-Cyr (Loir-et-Cher) le 7 septembre 1876, le p\u00e8re Daniel Brottier est, aujourd\u2019hui encore, une figure l\u00e9gendaire en France et dans le monde : b\u00e2tisseur de la cath\u00e9drale de&nbsp;Dakkar au S\u00e9n\u00e9gal, c\u00e9l\u00e8bre aum\u00f4nier militaire de la Grande Guerre, bienfaiteur des Orphelins Apprentis d\u2019Auteuil et, surtout, [&hellip;]<\/p>\n","protected":false},"author":1,"featured_media":0,"parent":0,"menu_order":3,"comment_status":"closed","ping_status":"closed","template":"","meta":{"footnotes":""},"class_list":["post-16","page","type-page","status-publish","hentry"],"_links":{"self":[{"href":"https:\/\/unc46.fr\/index.php?rest_route=\/wp\/v2\/pages\/16","targetHints":{"allow":["GET"]}}],"collection":[{"href":"https:\/\/unc46.fr\/index.php?rest_route=\/wp\/v2\/pages"}],"about":[{"href":"https:\/\/unc46.fr\/index.php?rest_route=\/wp\/v2\/types\/page"}],"author":[{"embeddable":true,"href":"https:\/\/unc46.fr\/index.php?rest_route=\/wp\/v2\/users\/1"}],"replies":[{"embeddable":true,"href":"https:\/\/unc46.fr\/index.php?rest_route=%2Fwp%2Fv2%2Fcomments&post=16"}],"version-history":[{"count":5,"href":"https:\/\/unc46.fr\/index.php?rest_route=\/wp\/v2\/pages\/16\/revisions"}],"predecessor-version":[{"id":508,"href":"https:\/\/unc46.fr\/index.php?rest_route=\/wp\/v2\/pages\/16\/revisions\/508"}],"wp:attachment":[{"href":"https:\/\/unc46.fr\/index.php?rest_route=%2Fwp%2Fv2%2Fmedia&parent=16"}],"curies":[{"name":"wp","href":"https:\/\/api.w.org\/{rel}","templated":true}]}}